{"id":281,"date":"2020-08-07T10:28:05","date_gmt":"2020-08-07T10:28:05","guid":{"rendered":"https:\/\/zakrademos.com\/yoga\/?page_id=281"},"modified":"2023-03-26T17:20:55","modified_gmt":"2023-03-26T17:20:55","slug":"taniyalim","status":"publish","type":"page","link":"http:\/\/hasanozcan.com\/index.php\/taniyalim\/","title":{"rendered":"Tan\u0131yal\u0131m"},"content":{"rendered":"\t\t<div data-elementor-type=\"wp-post\" data-elementor-id=\"281\" class=\"elementor elementor-281\">\n\t\t\t\t\t\t\t\t\t<section class=\"elementor-section elementor-top-section elementor-element elementor-element-b538981 elementor-section-content-middle elementor-section-boxed elementor-section-height-default elementor-section-height-default\" data-id=\"b538981\" data-element_type=\"section\">\n\t\t\t\t\t\t<div class=\"elementor-container elementor-column-gap-no\">\n\t\t\t\t\t<div class=\"elementor-column elementor-col-100 elementor-top-column elementor-element elementor-element-5823fd0\" data-id=\"5823fd0\" data-element_type=\"column\">\n\t\t\t<div class=\"elementor-widget-wrap elementor-element-populated\">\n\t\t\t\t\t\t\t\t<div class=\"elementor-element elementor-element-2f1f838 elementor-widget elementor-widget-heading\" data-id=\"2f1f838\" data-element_type=\"widget\" data-widget_type=\"heading.default\">\n\t\t\t\t<div class=\"elementor-widget-container\">\n\t\t\t<style>\/*! elementor - v3.10.1 - 17-01-2023 *\/\n.elementor-heading-title{padding:0;margin:0;line-height:1}.elementor-widget-heading .elementor-heading-title[class*=elementor-size-]>a{color:inherit;font-size:inherit;line-height:inherit}.elementor-widget-heading .elementor-heading-title.elementor-size-small{font-size:15px}.elementor-widget-heading .elementor-heading-title.elementor-size-medium{font-size:19px}.elementor-widget-heading .elementor-heading-title.elementor-size-large{font-size:29px}.elementor-widget-heading .elementor-heading-title.elementor-size-xl{font-size:39px}.elementor-widget-heading .elementor-heading-title.elementor-size-xxl{font-size:59px}<\/style><h3 class=\"elementor-heading-title elementor-size-default\">Tan\u0131yal\u0131m<\/h3>\t\t<\/div>\n\t\t\t\t<\/div>\n\t\t\t\t<section class=\"elementor-section elementor-inner-section elementor-element elementor-element-1ca176d elementor-section-boxed elementor-section-height-default elementor-section-height-default\" data-id=\"1ca176d\" data-element_type=\"section\">\n\t\t\t\t\t\t<div class=\"elementor-container elementor-column-gap-default\">\n\t\t\t\t\t<div class=\"elementor-column elementor-col-25 elementor-inner-column elementor-element elementor-element-9089034\" data-id=\"9089034\" data-element_type=\"column\">\n\t\t\t<div class=\"elementor-widget-wrap\">\n\t\t\t\t\t\t\t\t\t<\/div>\n\t\t<\/div>\n\t\t\t\t<div class=\"elementor-column elementor-col-50 elementor-inner-column elementor-element elementor-element-410ae79\" data-id=\"410ae79\" data-element_type=\"column\">\n\t\t\t<div class=\"elementor-widget-wrap elementor-element-populated\">\n\t\t\t\t\t\t\t\t<div class=\"elementor-element elementor-element-406a47f elementor-widget elementor-widget-heading\" data-id=\"406a47f\" data-element_type=\"widget\" data-widget_type=\"heading.default\">\n\t\t\t\t<div class=\"elementor-widget-container\">\n\t\t\t<h5 class=\"elementor-heading-title elementor-size-default\">Prof. Dr. Hasan \u00d6zcan<\/h5>\t\t<\/div>\n\t\t\t\t<\/div>\n\t\t\t\t\t<\/div>\n\t\t<\/div>\n\t\t\t\t<div class=\"elementor-column elementor-col-25 elementor-inner-column elementor-element elementor-element-ff809cb\" data-id=\"ff809cb\" data-element_type=\"column\">\n\t\t\t<div class=\"elementor-widget-wrap\">\n\t\t\t\t\t\t\t\t\t<\/div>\n\t\t<\/div>\n\t\t\t\t\t\t\t<\/div>\n\t\t<\/section>\n\t\t\t\t\t<\/div>\n\t\t<\/div>\n\t\t\t\t\t\t\t<\/div>\n\t\t<\/section>\n\t\t\t\t<section class=\"elementor-section elementor-top-section elementor-element elementor-element-924091d elementor-section-boxed elementor-section-height-default elementor-section-height-default\" data-id=\"924091d\" data-element_type=\"section\">\n\t\t\t\t\t\t<div class=\"elementor-container elementor-column-gap-default\">\n\t\t\t\t\t<div class=\"elementor-column elementor-col-100 elementor-top-column elementor-element elementor-element-252d8c5\" data-id=\"252d8c5\" data-element_type=\"column\">\n\t\t\t<div class=\"elementor-widget-wrap elementor-element-populated\">\n\t\t\t\t\t\t\t\t<div class=\"elementor-element elementor-element-4af8b3f elementor-widget elementor-widget-image\" data-id=\"4af8b3f\" data-element_type=\"widget\" data-widget_type=\"image.default\">\n\t\t\t\t<div class=\"elementor-widget-container\">\n\t\t\t<style>\/*! elementor - v3.10.1 - 17-01-2023 *\/\n.elementor-widget-image{text-align:center}.elementor-widget-image a{display:inline-block}.elementor-widget-image a img[src$=\".svg\"]{width:48px}.elementor-widget-image img{vertical-align:middle;display:inline-block}<\/style>\t\t\t\t\t\t\t\t\t\t\t\t<img loading=\"lazy\" decoding=\"async\" width=\"2560\" height=\"1216\" src=\"http:\/\/hasanozcan.com\/wp-content\/uploads\/2023\/03\/HASAN-OZCAN-YENI-DUZENLEME-scaled.jpg\" class=\"attachment-full size-full wp-image-542\" alt=\"\" srcset=\"http:\/\/hasanozcan.com\/wp-content\/uploads\/2023\/03\/HASAN-OZCAN-YENI-DUZENLEME-scaled.jpg 2560w, http:\/\/hasanozcan.com\/wp-content\/uploads\/2023\/03\/HASAN-OZCAN-YENI-DUZENLEME-300x142.jpg 300w, http:\/\/hasanozcan.com\/wp-content\/uploads\/2023\/03\/HASAN-OZCAN-YENI-DUZENLEME-1024x486.jpg 1024w, http:\/\/hasanozcan.com\/wp-content\/uploads\/2023\/03\/HASAN-OZCAN-YENI-DUZENLEME-768x365.jpg 768w, http:\/\/hasanozcan.com\/wp-content\/uploads\/2023\/03\/HASAN-OZCAN-YENI-DUZENLEME-1536x729.jpg 1536w, http:\/\/hasanozcan.com\/wp-content\/uploads\/2023\/03\/HASAN-OZCAN-YENI-DUZENLEME-2048x972.jpg 2048w\" sizes=\"auto, (max-width: 2560px) 100vw, 2560px\" \/>\t\t\t\t\t\t\t\t\t\t\t\t\t\t\t<\/div>\n\t\t\t\t<\/div>\n\t\t\t\t\t<\/div>\n\t\t<\/div>\n\t\t\t\t\t\t\t<\/div>\n\t\t<\/section>\n\t\t\t\t<section class=\"elementor-section elementor-top-section elementor-element elementor-element-2133715 elementor-section-boxed elementor-section-height-default elementor-section-height-default\" data-id=\"2133715\" data-element_type=\"section\">\n\t\t\t\t\t\t<div class=\"elementor-container elementor-column-gap-default\">\n\t\t\t\t\t<div class=\"elementor-column elementor-col-50 elementor-top-column elementor-element elementor-element-3e87416\" data-id=\"3e87416\" data-element_type=\"column\">\n\t\t\t<div class=\"elementor-widget-wrap elementor-element-populated\">\n\t\t\t\t\t\t\t\t<div class=\"elementor-element elementor-element-cf6faa2 elementor-widget elementor-widget-heading\" data-id=\"cf6faa2\" data-element_type=\"widget\" data-widget_type=\"heading.default\">\n\t\t\t\t<div class=\"elementor-widget-container\">\n\t\t\t<h3 class=\"elementor-heading-title elementor-size-default\">Ki\u015fisel Bilgiler<\/h3>\t\t<\/div>\n\t\t\t\t<\/div>\n\t\t\t\t<div class=\"elementor-element elementor-element-0b1329d elementor-widget elementor-widget-text-editor\" data-id=\"0b1329d\" data-element_type=\"widget\" data-widget_type=\"text-editor.default\">\n\t\t\t\t<div class=\"elementor-widget-container\">\n\t\t\t<style>\/*! elementor - v3.10.1 - 17-01-2023 *\/\n.elementor-widget-text-editor.elementor-drop-cap-view-stacked .elementor-drop-cap{background-color:#818a91;color:#fff}.elementor-widget-text-editor.elementor-drop-cap-view-framed .elementor-drop-cap{color:#818a91;border:3px solid;background-color:transparent}.elementor-widget-text-editor:not(.elementor-drop-cap-view-default) .elementor-drop-cap{margin-top:8px}.elementor-widget-text-editor:not(.elementor-drop-cap-view-default) .elementor-drop-cap-letter{width:1em;height:1em}.elementor-widget-text-editor .elementor-drop-cap{float:left;text-align:center;line-height:1;font-size:50px}.elementor-widget-text-editor .elementor-drop-cap-letter{display:inline-block}<\/style>\t\t\t\t<p>Prof.Dr. Hasan \u00d6zcan<br \/>Do\u011fum yeri: Mersin<br \/>Burcu: \u0130kizler<\/p>\t\t\t\t\t\t<\/div>\n\t\t\t\t<\/div>\n\t\t\t\t<div class=\"elementor-element elementor-element-3b1d950 elementor-widget elementor-widget-heading\" data-id=\"3b1d950\" data-element_type=\"widget\" data-widget_type=\"heading.default\">\n\t\t\t\t<div class=\"elementor-widget-container\">\n\t\t\t<h3 class=\"elementor-heading-title elementor-size-default\">E\u011fitim<\/h3>\t\t<\/div>\n\t\t\t\t<\/div>\n\t\t\t\t<div class=\"elementor-element elementor-element-7657e34 elementor-widget elementor-widget-text-editor\" data-id=\"7657e34\" data-element_type=\"widget\" data-widget_type=\"text-editor.default\">\n\t\t\t\t<div class=\"elementor-widget-container\">\n\t\t\t\t\t\t\t<p><br \/>Erdemli Karg\u0131p\u0131nar \u0130lkokulu<br \/>Erdemli Elvanl\u0131 Lisesi<br \/>Ankara \u00dcniversitesi T\u0131p Fak\u00fcltesi<\/p>\t\t\t\t\t\t<\/div>\n\t\t\t\t<\/div>\n\t\t\t\t\t<\/div>\n\t\t<\/div>\n\t\t\t\t<div class=\"elementor-column elementor-col-50 elementor-top-column elementor-element elementor-element-541bff6\" data-id=\"541bff6\" data-element_type=\"column\">\n\t\t\t<div class=\"elementor-widget-wrap elementor-element-populated\">\n\t\t\t\t\t\t\t\t<div class=\"elementor-element elementor-element-a57ae35 elementor-widget elementor-widget-heading\" data-id=\"a57ae35\" data-element_type=\"widget\" data-widget_type=\"heading.default\">\n\t\t\t\t<div class=\"elementor-widget-container\">\n\t\t\t<h3 class=\"elementor-heading-title elementor-size-default\">Mesleki e\u011fitim ve deneyim:<\/h3>\t\t<\/div>\n\t\t\t\t<\/div>\n\t\t\t\t<div class=\"elementor-element elementor-element-9082081 elementor-widget elementor-widget-text-editor\" data-id=\"9082081\" data-element_type=\"widget\" data-widget_type=\"text-editor.default\">\n\t\t\t\t<div class=\"elementor-widget-container\">\n\t\t\t\t\t\t\t<p>Ankara \u00dcniversitesi T\u0131p Fak\u00fcltesi Radyoloji Anabilim Dal\u0131\u2019nda ara\u015ft\u0131rma g\u00f6revlisi<br \/>Ankara \u00dcniversitesi T\u0131p Fak\u00fcltesi Radyoloji Anabilim Dal\u0131\u2019nda uzmanl\u0131k<br \/>K\u0131br\u0131s Girne Asker Hastanesi\u2019nde radyoloji uzmanl\u0131\u011f\u0131<br \/>Ankara \u00dcniversitesi T\u0131p Fak\u00fcltesi\u2019nde Do\u00e7ent<br \/>Ankara \u00dcniversitesi T\u0131p Fak\u00fcltesi\u2019nde Profes\u00f6r<\/p>\t\t\t\t\t\t<\/div>\n\t\t\t\t<\/div>\n\t\t\t\t<div class=\"elementor-element elementor-element-caa7b67 elementor-widget elementor-widget-heading\" data-id=\"caa7b67\" data-element_type=\"widget\" data-widget_type=\"heading.default\">\n\t\t\t\t<div class=\"elementor-widget-container\">\n\t\t\t<h3 class=\"elementor-heading-title elementor-size-default\">Mesleki ilgi alanlar\u0131:<\/h3>\t\t<\/div>\n\t\t\t\t<\/div>\n\t\t\t\t<div class=\"elementor-element elementor-element-e56765e elementor-widget elementor-widget-text-editor\" data-id=\"e56765e\" data-element_type=\"widget\" data-widget_type=\"text-editor.default\">\n\t\t\t\t<div class=\"elementor-widget-container\">\n\t\t\t\t\t\t\t<p>Ultrasonografi, Renkli Doppler Ultrasonografi, Ultrasonografi e\u015fli\u011finde giri\u015fimsel&nbsp; &nbsp; &nbsp; &nbsp; &nbsp; &nbsp; &nbsp; &nbsp; &nbsp; &nbsp; &nbsp; &nbsp; &nbsp;<br>radyolojik i\u015flemler, Meme Radyolojisi, Endokrin Radyoloji, Abdominal ve Vaskular Radyoloji<\/p>\t\t\t\t\t\t<\/div>\n\t\t\t\t<\/div>\n\t\t\t\t\t<\/div>\n\t\t<\/div>\n\t\t\t\t\t\t\t<\/div>\n\t\t<\/section>\n\t\t\t\t\t\t\t<\/div>\n\t\t","protected":false},"excerpt":{"rendered":"<p>Tan\u0131yal\u0131m Prof. Dr. Hasan \u00d6zcan Ki\u015fisel Bilgiler Prof.Dr. Hasan \u00d6zcanDo\u011fum yeri: MersinBurcu: \u0130kizler E\u011fitim Erdemli Karg\u0131p\u0131nar \u0130lkokuluErdemli Elvanl\u0131 LisesiAnkara \u00dcniversitesi T\u0131p Fak\u00fcltesi Mesleki e\u011fitim ve deneyim: Ankara \u00dcniversitesi T\u0131p Fak\u00fcltesi Radyoloji Anabilim Dal\u0131\u2019nda ara\u015ft\u0131rma g\u00f6revlisiAnkara \u00dcniversitesi T\u0131p Fak\u00fcltesi Radyoloji Anabilim Dal\u0131\u2019nda uzmanl\u0131kK\u0131br\u0131s Girne Asker Hastanesi\u2019nde radyoloji uzmanl\u0131\u011f\u0131Ankara \u00dcniversitesi T\u0131p Fak\u00fcltesi\u2019nde Do\u00e7entAnkara \u00dcniversitesi T\u0131p Fak\u00fcltesi\u2019nde Profes\u00f6r [&hellip;]<\/p>\n","protected":false},"author":1,"featured_media":0,"parent":0,"menu_order":0,"comment_status":"closed","ping_status":"closed","template":"elementor_header_footer","meta":{"footnotes":""},"class_list":["post-281","page","type-page","status-publish","hentry"],"_links":{"self":[{"href":"http:\/\/hasanozcan.com\/index.php\/wp-json\/wp\/v2\/pages\/281","targetHints":{"allow":["GET"]}}],"collection":[{"href":"http:\/\/hasanozcan.com\/index.php\/wp-json\/wp\/v2\/pages"}],"about":[{"href":"http:\/\/hasanozcan.com\/index.php\/wp-json\/wp\/v2\/types\/page"}],"author":[{"embeddable":true,"href":"http:\/\/hasanozcan.com\/index.php\/wp-json\/wp\/v2\/users\/1"}],"replies":[{"embeddable":true,"href":"http:\/\/hasanozcan.com\/index.php\/wp-json\/wp\/v2\/comments?post=281"}],"version-history":[{"count":26,"href":"http:\/\/hasanozcan.com\/index.php\/wp-json\/wp\/v2\/pages\/281\/revisions"}],"predecessor-version":[{"id":611,"href":"http:\/\/hasanozcan.com\/index.php\/wp-json\/wp\/v2\/pages\/281\/revisions\/611"}],"wp:attachment":[{"href":"http:\/\/hasanozcan.com\/index.php\/wp-json\/wp\/v2\/media?parent=281"}],"curies":[{"name":"wp","href":"https:\/\/api.w.org\/{rel}","templated":true}]}}